{"id":553,"date":"2016-07-25T17:51:13","date_gmt":"2016-07-25T15:51:13","guid":{"rendered":"http:\/\/2016.split.wordcamp.org\/?page_id=553"},"modified":"2016-07-25T17:51:13","modified_gmt":"2016-07-25T15:51:13","slug":"schedule","status":"publish","type":"page","link":"https:\/\/split.wordcamp.org\/2016\/schedule\/","title":{"rendered":"Schedule"},"content":{"rendered":"<h2>Workshops, Friday, September 2nd<\/h2>\n<table class=\"wcpt-schedule\" border=\"0\"><thead><tr><th class=\"wcpt-col-time\">Time<\/th><th class=\"wcpt-col-track\"> <span class=\"wcpt-track-name\"><\/span> <span class=\"wcpt-track-description\"><\/span> <\/th><\/tr><\/thead><tbody><tr class=\"wcpt-time-1205 global-session radionica-kako-da-se-va-korisnik-osjea-kao-superheroj-u-5-jednostavnih-koraka\"><td class=\"wcpt-time\">12:05<\/td><td colspan=\"1\" class=\"wcb-speaker-aleksandar-savkovic wcpt-session-type-session wcb-session-kako-do-korisnika-superheroja-u-5-jednostavnih-koraka\" data-track-title=\"\" data-session-id=\"810\"><div class=\"wcb-session-cell-content\"><a class=\"wcpt-session-title\" href=\"https:\/\/split.wordcamp.org\/2016\/session\/kako-do-korisnika-superheroja-u-5-jednostavnih-koraka\/\">Radionica: Kako da se va\u0161 korisnik osje\u0107a kao superheroj u 5 jednostavnih koraka<\/a> <span class=\"wcpt-session-speakers\"><a href=\"https:\/\/split.wordcamp.org\/2016\/speakers\/#wcorg-speaker-aleksandar-savkovic\">Aleksandar Savkovi\u0107<\/a><\/span><\/div><div class=\"wcb-session-favourite-icon\"><a href=\"#\" role=\"button\" class=\"fav-session-button\" aria-pressed=\"false\"><span class=\"screen-reader-text\">Favorite session: Radionica: Kako da se va\u0161 korisnik osje\u0107a kao superheroj u 5 jednostavnih koraka<\/span><span class=\"dashicons dashicons-star-filled\"><\/span><\/a><\/div><\/td><\/tr><tr class=\"wcpt-time-1210 global-session radionica-prikupljanje-i-vizualizacija-podataka\"><td class=\"wcpt-time\">12:10<\/td><td colspan=\"1\" class=\"wcb-speaker-konrad-leon-toldy wcpt-session-type-session wcb-session-radionica-prikupljanje-i-vizualizacija-podataka\" data-track-title=\"\" data-session-id=\"820\"><div class=\"wcb-session-cell-content\"><a class=\"wcpt-session-title\" href=\"https:\/\/split.wordcamp.org\/2016\/session\/radionica-prikupljanje-i-vizualizacija-podataka\/\">Radionica: Prikupljanje i vizualizacija podataka<\/a> <span class=\"wcpt-session-speakers\"><a href=\"https:\/\/split.wordcamp.org\/2016\/speakers\/#wcorg-speaker-konrad-leon-toldy\">Konrad Leon Toldy<\/a><\/span><\/div><div class=\"wcb-session-favourite-icon\"><a href=\"#\" role=\"button\" class=\"fav-session-button\" aria-pressed=\"false\"><span class=\"screen-reader-text\">Favorite session: Radionica: Prikupljanje i vizualizacija podataka<\/span><span class=\"dashicons dashicons-star-filled\"><\/span><\/a><\/div><\/td><\/tr><tr class=\"wcpt-time-1400 global-session workshop-wordpress-basics\"><td class=\"wcpt-time\">14:00<\/td><td colspan=\"1\" class=\"wcb-speaker-patrick-faust wcpt-session-type-session wcb-session-workshop-wordpress-basics\" data-track-title=\"\" data-session-id=\"1151\"><div class=\"wcb-session-cell-content\"><a class=\"wcpt-session-title\" href=\"https:\/\/split.wordcamp.org\/2016\/session\/workshop-wordpress-basics\/\">Workshop: WordPress basics<\/a> <span class=\"wcpt-session-speakers\"><a href=\"https:\/\/split.wordcamp.org\/2016\/speakers\/#wcorg-speaker-patrick-faust\">Patrick Faust<\/a><\/span><\/div><div class=\"wcb-session-favourite-icon\"><a href=\"#\" role=\"button\" class=\"fav-session-button\" aria-pressed=\"false\"><span class=\"screen-reader-text\">Favorite session: Workshop: WordPress basics<\/span><span class=\"dashicons dashicons-star-filled\"><\/span><\/a><\/div><\/td><\/tr><tr class=\"wcpt-time-1600 global-session workshop-the-art-of-public-speaking\"><td class=\"wcpt-time\">16:00<\/td><td colspan=\"1\" class=\"wcb-speaker-luca-sartoni wcpt-session-type-session wcb-session-workshop-the-art-of-public-speaking\" data-track-title=\"\" data-session-id=\"365\"><div class=\"wcb-session-cell-content\"><a class=\"wcpt-session-title\" href=\"https:\/\/split.wordcamp.org\/2016\/session\/workshop-the-art-of-public-speaking\/\">Workshop: The Art of Public Speaking<\/a> <span class=\"wcpt-session-speakers\"><a href=\"https:\/\/split.wordcamp.org\/2016\/speakers\/#wcorg-speaker-luca-sartoni\">Luca Sartoni<\/a><\/span><\/div><div class=\"wcb-session-favourite-icon\"><a href=\"#\" role=\"button\" class=\"fav-session-button\" aria-pressed=\"false\"><span class=\"screen-reader-text\">Favorite session: Workshop: The Art of Public Speaking<\/span><span class=\"dashicons dashicons-star-filled\"><\/span><\/a><\/div><\/td><\/tr><tr class=\"wcpt-time-1605 global-session radionica-moj-prvi-wordpress-plugin\"><td class=\"wcpt-time\">16:05<\/td><td colspan=\"1\" class=\"wcb-speaker-konrad-leon-toldy wcpt-session-type-session wcb-session-radionica-moj-prvi-plugin\" data-track-title=\"\" data-session-id=\"822\"><div class=\"wcb-session-cell-content\"><a class=\"wcpt-session-title\" href=\"https:\/\/split.wordcamp.org\/2016\/session\/radionica-moj-prvi-plugin\/\">Radionica: Moj prvi WordPress plugin<\/a> <span class=\"wcpt-session-speakers\"><a href=\"https:\/\/split.wordcamp.org\/2016\/speakers\/#wcorg-speaker-konrad-leon-toldy\">Konrad Leon Toldy<\/a><\/span><\/div><div class=\"wcb-session-favourite-icon\"><a href=\"#\" role=\"button\" class=\"fav-session-button\" aria-pressed=\"false\"><span class=\"screen-reader-text\">Favorite session: Radionica: Moj prvi WordPress plugin<\/span><span class=\"dashicons dashicons-star-filled\"><\/span><\/a><\/div><\/td><\/tr><tr class=\"wcpt-time-1610 global-session radionica-uvod-u-upravljanje-wordpress-projektima\"><td class=\"wcpt-time\">16:10<\/td><td colspan=\"1\" class=\"wcb-speaker-kresimir-koncic wcpt-session-type-session wcb-session-upravljanje-wordpress-projektima\" data-track-title=\"\" data-session-id=\"784\"><div class=\"wcb-session-cell-content\"><a class=\"wcpt-session-title\" href=\"https:\/\/split.wordcamp.org\/2016\/session\/upravljanje-wordpress-projektima\/\">Radionica: (Uvod u) Upravljanje WordPress projektima<\/a> <span class=\"wcpt-session-speakers\"><a href=\"https:\/\/split.wordcamp.org\/2016\/speakers\/#wcorg-speaker-kresimir-koncic\">Kre\u0161imir Kon\u010di\u0107<\/a><\/span><\/div><div class=\"wcb-session-favourite-icon\"><a href=\"#\" role=\"button\" class=\"fav-session-button\" aria-pressed=\"false\"><span class=\"screen-reader-text\">Favorite session: Radionica: (Uvod u) Upravljanje WordPress projektima<\/span><span class=\"dashicons dashicons-star-filled\"><\/span><\/a><\/div><\/td><\/tr><\/tbody><\/table>\n\t<div class=\"email-form fav-session-email-form-hide\">\n\t\t<!-- Tab links -->\n\t\t<div class=\"fav-session-share-tab\">\n\t\t\t\t\t\t\t<div class=\"fav-session-tablinks\" id=\"fav-session-btn-email\">\n\t\t\t\t\tEmail\t\t\t\t<\/div>\n\t\t\t\n\t\t\t<div class=\"fav-session-tablinks\" id=\"fav-session-btn-link\">\n\t\t\t\tLink\t\t\t<\/div>\n\n\t\t\t<div class=\"fav-session-tablinks\" id=\"fav-session-btn-print\">\n\t\t\t\tPrint\t\t\t<\/div>\n\t\t<\/div>\n\n\t\t<!-- Tab content -->\n\t\t\t\t\t<div id=\"fav-session-tab-email\" class=\"fav-session-share-tabcontent\">\n\t\t\t\t<div id=\"fav-session-email-form\">\n\t\t\t\t\tSend me my favorite sessions:\n\t\t\t\t\t<form id=\"fav-sessions-form\">\n\t\t\t\t\t\t<input\n\t\t\t\t\t\t\ttype=\"text\"\n\t\t\t\t\t\t\tname=\"email_address\"\n\t\t\t\t\t\t\tid=\"fav-sessions-email-address\"\n\t\t\t\t\t\t\tplaceholder=\"me@protonmail.com\"\n\t\t\t\t\t\t\/>\n\t\t\t\t\t\t<input type=\"submit\" value=\"Send\" \/>\n\t\t\t\t\t<\/form>\n\t\t\t\t<\/div>\n\n\t\t\t\t<div class=\"fav-session-email-wait-spinner\"><\/div>\n\t\t\t\t<div class=\"fav-session-email-result\"><\/div>\n\t\t\t<\/div>\n\t\t\n\t\t<div id=\"fav-session-tab-link\" class=\"fav-session-share-tabcontent\">\n\t\t\tShareable link:\t\t\t<br \/>\n\t\t\t<a id=\"fav-sessions-link\" href=\"\"><\/a>\n\t\t<\/div>\n\n\t\t<div id=\"fav-session-tab-print\" class=\"fav-session-share-tabcontent\">\n\t\t\t<button id=\"fav-session-print\">\n\t\t\t\tPrint favorite sessions\t\t\t<\/button>\n\t\t<\/div>\n\t<\/div>\n\n\t<a class=\"show-email-form\" href=\"javascript:\">\n\t\t<span class=\"dashicons dashicons-star-filled\"><\/span>\n\t\t<span class=\"dashicons dashicons-email-alt\"><\/span>\n\t<\/a>\n\n\t\n<p>Workshops on Friday are <strong>free for everyone<\/strong> (nevertheless you&#8217;re coming to WordCamp Split\u00a0or not), with max 30 attendees per workshop. Keep in mind that although workshops are free for everyone, in case of more than 30 applications per workshop, people with tickets for WordCamp Split will have precedence.<\/p>\n<h2>Conference day, Saturday, September 3rd<\/h2>\n<table class=\"wcpt-schedule\" border=\"0\"><thead><tr><th class=\"wcpt-col-time\">Time<\/th><th class=\"wcpt-col-track\"> <span class=\"wcpt-track-name\"><\/span> <span class=\"wcpt-track-description\"><\/span> <\/th><\/tr><\/thead><tbody><tr class=\"wcpt-time-0800 global-session registration\"><td class=\"wcpt-time\">08:00<\/td><td colspan=\"1\" class=\"wcpt-session-type-custom wcb-session-registration\" data-track-title=\"\" data-session-id=\"555\"><div class=\"wcb-session-cell-content\"><span class=\"wcpt-session-title\">Registration<\/span><\/div><\/td><\/tr><tr class=\"wcpt-time-0900 global-session opening-remarks\"><td class=\"wcpt-time\">09:00<\/td><td colspan=\"1\" class=\"wcpt-session-type-custom wcb-session-opening-remarks\" data-track-title=\"\" data-session-id=\"557\"><div class=\"wcb-session-cell-content\"><span class=\"wcpt-session-title\">Opening remarks<\/span><\/div><\/td><\/tr><tr class=\"wcpt-time-0910 global-session how-to-start-a-business-in-wordpress-a-codeable-story\"><td class=\"wcpt-time\">09:10<\/td><td colspan=\"1\" class=\"wcb-speaker-tomaz-zaman wcpt-session-type-session wcb-session-how-to-start-a-business-in-wordpress-a-codeable-story\" data-track-title=\"\" data-session-id=\"279\"><div class=\"wcb-session-cell-content\"><a class=\"wcpt-session-title\" href=\"https:\/\/split.wordcamp.org\/2016\/session\/how-to-start-a-business-in-wordpress-a-codeable-story\/\">How to start a business in WordPress; a Codeable story<\/a> <span class=\"wcpt-session-speakers\"><a href=\"https:\/\/split.wordcamp.org\/2016\/speakers\/#wcorg-speaker-tomaz-zaman\">Toma\u017e Zaman<\/a><\/span><\/div><div class=\"wcb-session-favourite-icon\"><a href=\"#\" role=\"button\" class=\"fav-session-button\" aria-pressed=\"false\"><span class=\"screen-reader-text\">Favorite session: How to start a business in WordPress; a Codeable story<\/span><span class=\"dashicons dashicons-star-filled\"><\/span><\/a><\/div><\/td><\/tr><tr class=\"wcpt-time-0940 global-session how-to-grow-your-business-by-producing-quality-blog-posts\"><td class=\"wcpt-time\">09:40<\/td><td colspan=\"1\" class=\"wcb-speaker-nevena-tomovic wcpt-session-type-session wcb-session-how-to-grow-your-business-by-producing-quality-blog-posts\" data-track-title=\"\" data-session-id=\"281\"><div class=\"wcb-session-cell-content\"><a class=\"wcpt-session-title\" href=\"https:\/\/split.wordcamp.org\/2016\/session\/how-to-grow-your-business-by-producing-quality-blog-posts\/\">How To Grow Your Business By Producing Quality Blog Posts?<\/a> <span class=\"wcpt-session-speakers\"><a href=\"https:\/\/split.wordcamp.org\/2016\/speakers\/#wcorg-speaker-nevena-tomovic\">Nevena Tomovi\u0107<\/a><\/span><\/div><div class=\"wcb-session-favourite-icon\"><a href=\"#\" role=\"button\" class=\"fav-session-button\" aria-pressed=\"false\"><span class=\"screen-reader-text\">Favorite session: How To Grow Your Business By Producing Quality Blog Posts?<\/span><span class=\"dashicons dashicons-star-filled\"><\/span><\/a><\/div><\/td><\/tr><tr class=\"wcpt-time-1000 global-session using-wordpress-rest-api\"><td class=\"wcpt-time\">10:00<\/td><td colspan=\"1\" class=\"wcb-speaker-tomislav-leljak wcpt-session-type-session wcb-session-using-wordpress-rest-api\" data-track-title=\"\" data-session-id=\"523\"><div class=\"wcb-session-cell-content\"><a class=\"wcpt-session-title\" href=\"https:\/\/split.wordcamp.org\/2016\/session\/using-wordpress-rest-api\/\">Using WordPress REST API<\/a> <span class=\"wcpt-session-speakers\"><a href=\"https:\/\/split.wordcamp.org\/2016\/speakers\/#wcorg-speaker-tomislav-leljak\">Tomislav Leljak<\/a><\/span><\/div><div class=\"wcb-session-favourite-icon\"><a href=\"#\" role=\"button\" class=\"fav-session-button\" aria-pressed=\"false\"><span class=\"screen-reader-text\">Favorite session: Using WordPress REST API<\/span><span class=\"dashicons dashicons-star-filled\"><\/span><\/a><\/div><\/td><\/tr><tr class=\"wcpt-time-1030 global-session the-frustration-with-website-security\"><td class=\"wcpt-time\">10:30<\/td><td colspan=\"1\" class=\"wcb-speaker-josko-dzidic wcpt-session-type-session wcb-session-the-frustration-with-website-security\" data-track-title=\"\" data-session-id=\"512\"><div class=\"wcb-session-cell-content\"><a class=\"wcpt-session-title\" href=\"https:\/\/split.wordcamp.org\/2016\/session\/the-frustration-with-website-security\/\">The frustration with website security<\/a> <span class=\"wcpt-session-speakers\"><a href=\"https:\/\/split.wordcamp.org\/2016\/speakers\/#wcorg-speaker-josko-dzidic\">Jo\u0161ko D\u017eidi\u0107<\/a><\/span><\/div><div class=\"wcb-session-favourite-icon\"><a href=\"#\" role=\"button\" class=\"fav-session-button\" aria-pressed=\"false\"><span class=\"screen-reader-text\">Favorite session: The frustration with website security<\/span><span class=\"dashicons dashicons-star-filled\"><\/span><\/a><\/div><\/td><\/tr><tr class=\"wcpt-time-1100 global-session coffee-break\"><td class=\"wcpt-time\">11:00<\/td><td colspan=\"1\" class=\"wcpt-session-type-custom wcb-session-coffee-break\" data-track-title=\"\" data-session-id=\"559\"><div class=\"wcb-session-cell-content\"><span class=\"wcpt-session-title\">Coffee break<\/span><\/div><\/td><\/tr><tr class=\"wcpt-time-1130 global-session team-up-for-wordpress-org-themes\"><td class=\"wcpt-time\">11:30<\/td><td colspan=\"1\" class=\"wcb-speaker-milan-ivanovic wcpt-session-type-session wcb-session-team-up-for-wordpress-org-themes\" data-track-title=\"\" data-session-id=\"421\"><div class=\"wcb-session-cell-content\"><a class=\"wcpt-session-title\" href=\"https:\/\/split.wordcamp.org\/2016\/session\/team-up-for-wordpress-org-themes\/\">Team up for WordPress.org Themes<\/a> <span class=\"wcpt-session-speakers\"><a href=\"https:\/\/split.wordcamp.org\/2016\/speakers\/#wcorg-speaker-milan-ivanovic\">Milan Ivanovi\u0107<\/a><\/span><\/div><div class=\"wcb-session-favourite-icon\"><a href=\"#\" role=\"button\" class=\"fav-session-button\" aria-pressed=\"false\"><span class=\"screen-reader-text\">Favorite session: Team up for WordPress.org Themes<\/span><span class=\"dashicons dashicons-star-filled\"><\/span><\/a><\/div><\/td><\/tr><tr class=\"wcpt-time-1200 global-session kako-kvalitetno-prikazati-varijacije-proizvoda-savjeti-i-trikovi\"><td class=\"wcpt-time\">12:00<\/td><td colspan=\"1\" class=\"wcb-speaker-borko-livic wcpt-session-type-session wcb-session-kako-kvalitetno-prikazati-varijacije-proizvoda-savjeti-i-trikovi\" data-track-title=\"\" data-session-id=\"388\"><div class=\"wcb-session-cell-content\"><a class=\"wcpt-session-title\" href=\"https:\/\/split.wordcamp.org\/2016\/session\/kako-kvalitetno-prikazati-varijacije-proizvoda-savjeti-i-trikovi\/\">Kako kvalitetno prikazati varijacije proizvoda? (savjeti i trikovi)<\/a> <span class=\"wcpt-session-speakers\"><a href=\"https:\/\/split.wordcamp.org\/2016\/speakers\/#wcorg-speaker-borko-livic\">Borko Livi\u0107<\/a><\/span><\/div><div class=\"wcb-session-favourite-icon\"><a href=\"#\" role=\"button\" class=\"fav-session-button\" aria-pressed=\"false\"><span class=\"screen-reader-text\">Favorite session: Kako kvalitetno prikazati varijacije proizvoda? (savjeti i trikovi)<\/span><span class=\"dashicons dashicons-star-filled\"><\/span><\/a><\/div><\/td><\/tr><tr class=\"wcpt-time-1230 global-session lunch\"><td class=\"wcpt-time\">12:30<\/td><td colspan=\"1\" class=\"wcpt-session-type-custom wcb-session-lunch\" data-track-title=\"\" data-session-id=\"561\"><div class=\"wcb-session-cell-content\"><span class=\"wcpt-session-title\">Lunch<\/span><\/div><\/td><\/tr><tr class=\"wcpt-time-1400 global-session growth-methodologies-in-a-distributed-environment\"><td class=\"wcpt-time\">14:00<\/td><td colspan=\"1\" class=\"wcb-speaker-luca-sartoni wcpt-session-type-session wcb-session-growth-methodologies-in-a-distributed-environment\" data-track-title=\"\" data-session-id=\"359\"><div class=\"wcb-session-cell-content\"><a class=\"wcpt-session-title\" href=\"https:\/\/split.wordcamp.org\/2016\/session\/growth-methodologies-in-a-distributed-environment\/\">Growth Methodologies in a Distributed Environment<\/a> <span class=\"wcpt-session-speakers\"><a href=\"https:\/\/split.wordcamp.org\/2016\/speakers\/#wcorg-speaker-luca-sartoni\">Luca Sartoni<\/a><\/span><\/div><div class=\"wcb-session-favourite-icon\"><a href=\"#\" role=\"button\" class=\"fav-session-button\" aria-pressed=\"false\"><span class=\"screen-reader-text\">Favorite session: Growth Methodologies in a Distributed Environment<\/span><span class=\"dashicons dashicons-star-filled\"><\/span><\/a><\/div><\/td><\/tr><tr class=\"wcpt-time-1430 global-session custom-url-structures-in-wordpress\"><td class=\"wcpt-time\">14:30<\/td><td colspan=\"1\" class=\"wcb-speaker-andrej-simunaj wcpt-session-type-session wcb-session-custom-url-structures-in-wordpress\" data-track-title=\"\" data-session-id=\"310\"><div class=\"wcb-session-cell-content\"><a class=\"wcpt-session-title\" href=\"https:\/\/split.wordcamp.org\/2016\/session\/custom-url-structures-in-wordpress\/\">Custom URL structures in WordPress<\/a> <span class=\"wcpt-session-speakers\"><a href=\"https:\/\/split.wordcamp.org\/2016\/speakers\/#wcorg-speaker-andrej-simunaj\">Andrej \u0160imunaj<\/a><\/span><\/div><div class=\"wcb-session-favourite-icon\"><a href=\"#\" role=\"button\" class=\"fav-session-button\" aria-pressed=\"false\"><span class=\"screen-reader-text\">Favorite session: Custom URL structures in WordPress<\/span><span class=\"dashicons dashicons-star-filled\"><\/span><\/a><\/div><\/td><\/tr><tr class=\"wcpt-time-1500 global-session designing-a-brand\"><td class=\"wcpt-time\">15:00<\/td><td colspan=\"1\" class=\"wcb-speaker-natko-hasic wcpt-session-type-session wcb-session-designing-a-brand\" data-track-title=\"\" data-session-id=\"436\"><div class=\"wcb-session-cell-content\"><a class=\"wcpt-session-title\" href=\"https:\/\/split.wordcamp.org\/2016\/session\/designing-a-brand\/\">Designing a Brand<\/a> <span class=\"wcpt-session-speakers\"><a href=\"https:\/\/split.wordcamp.org\/2016\/speakers\/#wcorg-speaker-natko-hasic\">Natko Hasi\u0107<\/a><\/span><\/div><div class=\"wcb-session-favourite-icon\"><a href=\"#\" role=\"button\" class=\"fav-session-button\" aria-pressed=\"false\"><span class=\"screen-reader-text\">Favorite session: Designing a Brand<\/span><span class=\"dashicons dashicons-star-filled\"><\/span><\/a><\/div><\/td><\/tr><tr class=\"wcpt-time-1530 global-session moving-the-design-process-to-the-browser\"><td class=\"wcpt-time\">15:30<\/td><td colspan=\"1\" class=\"wcb-speaker-lucijan-blagonic wcpt-session-type-session wcb-session-moving-the-design-process-to-the-browser\" data-track-title=\"\" data-session-id=\"331\"><div class=\"wcb-session-cell-content\"><a class=\"wcpt-session-title\" href=\"https:\/\/split.wordcamp.org\/2016\/session\/moving-the-design-process-to-the-browser\/\">Moving the design process to the browser<\/a> <span class=\"wcpt-session-speakers\"><a href=\"https:\/\/split.wordcamp.org\/2016\/speakers\/#wcorg-speaker-lucijan-blagonic\">Lucijan Blagonic<\/a><\/span><\/div><div class=\"wcb-session-favourite-icon\"><a href=\"#\" role=\"button\" class=\"fav-session-button\" aria-pressed=\"false\"><span class=\"screen-reader-text\">Favorite session: Moving the design process to the browser<\/span><span class=\"dashicons dashicons-star-filled\"><\/span><\/a><\/div><\/td><\/tr><tr class=\"wcpt-time-1600 global-session coffee-break\"><td class=\"wcpt-time\">16:00<\/td><td colspan=\"1\" class=\"wcpt-session-type-custom wcb-session-coffee-break-2\" data-track-title=\"\" data-session-id=\"563\"><div class=\"wcb-session-cell-content\"><span class=\"wcpt-session-title\">Coffee break<\/span><\/div><\/td><\/tr><tr class=\"wcpt-time-1640 global-session related-posts-based-on-user-engagement\"><td class=\"wcpt-time\">16:40<\/td><td colspan=\"1\" class=\"wcb-speaker-emir-kurtovic wcpt-session-type-session wcb-session-related-posts-based-on-user-engagement\" data-track-title=\"\" data-session-id=\"491\"><div class=\"wcb-session-cell-content\"><a class=\"wcpt-session-title\" href=\"https:\/\/split.wordcamp.org\/2016\/session\/related-posts-based-on-user-engagement\/\">Related posts based on user engagement<\/a> <span class=\"wcpt-session-speakers\"><a href=\"https:\/\/split.wordcamp.org\/2016\/speakers\/#wcorg-speaker-emir-kurtovic\">Emir Kurtovi\u0107<\/a><\/span><\/div><div class=\"wcb-session-favourite-icon\"><a href=\"#\" role=\"button\" class=\"fav-session-button\" aria-pressed=\"false\"><span class=\"screen-reader-text\">Favorite session: Related posts based on user engagement<\/span><span class=\"dashicons dashicons-star-filled\"><\/span><\/a><\/div><\/td><\/tr><tr class=\"wcpt-time-1700 global-session end-design-revision-hell\"><td class=\"wcpt-time\">17:00<\/td><td colspan=\"1\" class=\"wcb-speaker-nela-dunato wcpt-session-type-session wcb-session-end-design-revision-hell\" data-track-title=\"\" data-session-id=\"452\"><div class=\"wcb-session-cell-content\"><a class=\"wcpt-session-title\" href=\"https:\/\/split.wordcamp.org\/2016\/session\/end-design-revision-hell\/\">End Design Revision Hell<\/a> <span class=\"wcpt-session-speakers\"><a href=\"https:\/\/split.wordcamp.org\/2016\/speakers\/#wcorg-speaker-nela-dunato\">Nela Dunato<\/a><\/span><\/div><div class=\"wcb-session-favourite-icon\"><a href=\"#\" role=\"button\" class=\"fav-session-button\" aria-pressed=\"false\"><span class=\"screen-reader-text\">Favorite session: End Design Revision Hell<\/span><span class=\"dashicons dashicons-star-filled\"><\/span><\/a><\/div><\/td><\/tr><tr class=\"wcpt-time-1730 global-session moving-forward-in-wordpress\"><td class=\"wcpt-time\">17:30<\/td><td colspan=\"1\" class=\"wcb-speaker-noel-tock wcpt-session-type-session wcb-session-moving-forward-in-wordpress\" data-track-title=\"\" data-session-id=\"475\"><div class=\"wcb-session-cell-content\"><a class=\"wcpt-session-title\" href=\"https:\/\/split.wordcamp.org\/2016\/session\/moving-forward-in-wordpress\/\">Moving forward in WordPress<\/a> <span class=\"wcpt-session-speakers\"><a href=\"https:\/\/split.wordcamp.org\/2016\/speakers\/#wcorg-speaker-noel-tock\">Noel Tock<\/a><\/span><\/div><div class=\"wcb-session-favourite-icon\"><a href=\"#\" role=\"button\" class=\"fav-session-button\" aria-pressed=\"false\"><span class=\"screen-reader-text\">Favorite session: Moving forward in WordPress<\/span><span class=\"dashicons dashicons-star-filled\"><\/span><\/a><\/div><\/td><\/tr><tr class=\"wcpt-time-1800 global-session closing-remarks\"><td class=\"wcpt-time\">18:00<\/td><td colspan=\"1\" class=\"wcpt-session-type-custom wcb-session-closing-remarks\" data-track-title=\"\" data-session-id=\"565\"><div class=\"wcb-session-cell-content\"><span class=\"wcpt-session-title\">Closing remarks<\/span><\/div><\/td><\/tr><\/tbody><\/table>\n<h2>Contributor\u00a0day, Sunday, September 4th<\/h2>\n<table class=\"wcpt-schedule\" border=\"0\"><thead><tr><th class=\"wcpt-col-time\">Time<\/th><th class=\"wcpt-col-track\"> <span class=\"wcpt-track-name\"><\/span> <span class=\"wcpt-track-description\"><\/span> <\/th><\/tr><\/thead><tbody><tr class=\"wcpt-time-1000 global-session contributor-day\"><td class=\"wcpt-time\">10:00<\/td><td colspan=\"1\" class=\"wcpt-session-type-session wcb-session-contributor-day\" data-track-title=\"\" data-session-id=\"567\"><div class=\"wcb-session-cell-content\"><a class=\"wcpt-session-title\" href=\"https:\/\/split.wordcamp.org\/2016\/session\/contributor-day\/\">Contributor day<\/a><\/div><div class=\"wcb-session-favourite-icon\"><a href=\"#\" role=\"button\" class=\"fav-session-button\" aria-pressed=\"false\"><span class=\"screen-reader-text\">Favorite session: Contributor day<\/span><span class=\"dashicons dashicons-star-filled\"><\/span><\/a><\/div><\/td><\/tr><\/tbody><\/table>\n<hr \/>\n<h2>Get your ticket\u00a0today!<\/h2>\n<p>We have released <strong>200 tickets<\/strong> with a price of $20 (around 130 kn) and you can buy them at the <a href=\"http:\/\/2016.split.wordcamp.org\/tickets\/\">Tickets<\/a> page. The ticket gets you the entrance on the conference day, lunch, goodies from our sponsors, WordCamp Split\u00a0t-shirt and the entrance to the afterparty with free drinks included.<\/p>\n<div class=\"sharedaddy sd-sharing-enabled\"><\/div>\n","protected":false},"excerpt":{"rendered":"<p>Workshops, Friday, September 2nd Workshops on Friday are free for everyone (nevertheless you&#8217;re coming to WordCamp Split\u00a0or not), with max 30 attendees per workshop. Keep in mind that although workshops are free for everyone, in case of more than 30 applications per workshop, people with tickets for WordCamp Split will have precedence. Conference day, Saturday, &hellip; <a href=\"https:\/\/split.wordcamp.org\/2016\/schedule\/\" class=\"more-link\">Continue reading <span class=\"screen-reader-text\">Schedule<\/span><\/a><\/p>\n","protected":false},"author":12019359,"featured_media":0,"parent":0,"menu_order":0,"comment_status":"closed","ping_status":"closed","template":"","meta":{"jetpack_post_was_ever_published":false,"footnotes":""},"class_list":["post-553","page","type-page","status-publish","hentry"],"jetpack_sharing_enabled":true,"jetpack_shortlink":"https:\/\/wp.me\/P7sGwI-8V","_links":{"self":[{"href":"https:\/\/split.wordcamp.org\/2016\/wp-json\/wp\/v2\/pages\/553","targetHints":{"allow":["GET"]}}],"collection":[{"href":"https:\/\/split.wordcamp.org\/2016\/wp-json\/wp\/v2\/pages"}],"about":[{"href":"https:\/\/split.wordcamp.org\/2016\/wp-json\/wp\/v2\/types\/page"}],"author":[{"embeddable":true,"href":"https:\/\/split.wordcamp.org\/2016\/wp-json\/wp\/v2\/users\/12019359"}],"replies":[{"embeddable":true,"href":"https:\/\/split.wordcamp.org\/2016\/wp-json\/wp\/v2\/comments?post=553"}],"version-history":[{"count":2,"href":"https:\/\/split.wordcamp.org\/2016\/wp-json\/wp\/v2\/pages\/553\/revisions"}],"predecessor-version":[{"id":569,"href":"https:\/\/split.wordcamp.org\/2016\/wp-json\/wp\/v2\/pages\/553\/revisions\/569"}],"wp:attachment":[{"href":"https:\/\/split.wordcamp.org\/2016\/wp-json\/wp\/v2\/media?parent=553"}],"curies":[{"name":"wp","href":"https:\/\/api.w.org\/{rel}","templated":true}]}}