{"id":824,"date":"2016-08-12T15:01:58","date_gmt":"2016-08-12T13:01:58","guid":{"rendered":"http:\/\/2016.split.wordcamp.org\/?page_id=824"},"modified":"2016-09-06T12:01:23","modified_gmt":"2016-09-06T10:01:23","slug":"radionice","status":"publish","type":"page","link":"https:\/\/split.wordcamp.org\/2016\/radionice\/","title":{"rendered":"Radionice"},"content":{"rendered":"<p>Radionice se odr\u017eavaju dan prije konferencije i <strong>besplatne su za sve<\/strong>, ali u slu\u010daju ve\u0107eg interesa<strong> prednost \u0107e imati oni s <a href=\"http:\/\/2016.split.wordcamp.org\/tickets\/\">kupljenom kartom<\/a> za WordCamp Split<\/strong>. Osim radionice Luce Sartonija o javnom nastupu (<a href=\"http:\/\/2016.split.wordcamp.org\/session\/workshop-the-art-of-public-speaking\/\">The Art of Public Speaking<\/a>) i radionice za po\u010detnike (WordPress basics iliti Osnove WordPress-a), sve \u0107e ostale radionice biti na hrvatskom jeziku.<\/p>\n<h2>Raspored radionica<\/h2>\n<table class=\"wcpt-schedule\" border=\"0\"><thead><tr><th class=\"wcpt-col-time\">Time<\/th><th class=\"wcpt-col-track\"> <span class=\"wcpt-track-name\"><\/span> <span class=\"wcpt-track-description\"><\/span> <\/th><\/tr><\/thead><tbody><tr class=\"wcpt-time-1205 global-session radionica-kako-da-se-va-korisnik-osjea-kao-superheroj-u-5-jednostavnih-koraka\"><td class=\"wcpt-time\">12:05<\/td><td colspan=\"1\" class=\"wcb-speaker-aleksandar-savkovic wcpt-session-type-session wcb-session-kako-do-korisnika-superheroja-u-5-jednostavnih-koraka\" data-track-title=\"\" data-session-id=\"810\"><div class=\"wcb-session-cell-content\"><a class=\"wcpt-session-title\" href=\"https:\/\/split.wordcamp.org\/2016\/session\/kako-do-korisnika-superheroja-u-5-jednostavnih-koraka\/\">Radionica: Kako da se va\u0161 korisnik osje\u0107a kao superheroj u 5 jednostavnih koraka<\/a> <span class=\"wcpt-session-speakers\"><a href=\"https:\/\/split.wordcamp.org\/2016\/speakers\/#wcorg-speaker-aleksandar-savkovic\">Aleksandar Savkovi\u0107<\/a><\/span><\/div><div class=\"wcb-session-favourite-icon\"><a href=\"#\" role=\"button\" class=\"fav-session-button\" aria-pressed=\"false\"><span class=\"screen-reader-text\">Favorite session: Radionica: Kako da se va\u0161 korisnik osje\u0107a kao superheroj u 5 jednostavnih koraka<\/span><span class=\"dashicons dashicons-star-filled\"><\/span><\/a><\/div><\/td><\/tr><tr class=\"wcpt-time-1210 global-session radionica-prikupljanje-i-vizualizacija-podataka\"><td class=\"wcpt-time\">12:10<\/td><td colspan=\"1\" class=\"wcb-speaker-konrad-leon-toldy wcpt-session-type-session wcb-session-radionica-prikupljanje-i-vizualizacija-podataka\" data-track-title=\"\" data-session-id=\"820\"><div class=\"wcb-session-cell-content\"><a class=\"wcpt-session-title\" href=\"https:\/\/split.wordcamp.org\/2016\/session\/radionica-prikupljanje-i-vizualizacija-podataka\/\">Radionica: Prikupljanje i vizualizacija podataka<\/a> <span class=\"wcpt-session-speakers\"><a href=\"https:\/\/split.wordcamp.org\/2016\/speakers\/#wcorg-speaker-konrad-leon-toldy\">Konrad Leon Toldy<\/a><\/span><\/div><div class=\"wcb-session-favourite-icon\"><a href=\"#\" role=\"button\" class=\"fav-session-button\" aria-pressed=\"false\"><span class=\"screen-reader-text\">Favorite session: Radionica: Prikupljanje i vizualizacija podataka<\/span><span class=\"dashicons dashicons-star-filled\"><\/span><\/a><\/div><\/td><\/tr><tr class=\"wcpt-time-1400 global-session workshop-wordpress-basics\"><td class=\"wcpt-time\">14:00<\/td><td colspan=\"1\" class=\"wcb-speaker-patrick-faust wcpt-session-type-session wcb-session-workshop-wordpress-basics\" data-track-title=\"\" data-session-id=\"1151\"><div class=\"wcb-session-cell-content\"><a class=\"wcpt-session-title\" href=\"https:\/\/split.wordcamp.org\/2016\/session\/workshop-wordpress-basics\/\">Workshop: WordPress basics<\/a> <span class=\"wcpt-session-speakers\"><a href=\"https:\/\/split.wordcamp.org\/2016\/speakers\/#wcorg-speaker-patrick-faust\">Patrick Faust<\/a><\/span><\/div><div class=\"wcb-session-favourite-icon\"><a href=\"#\" role=\"button\" class=\"fav-session-button\" aria-pressed=\"false\"><span class=\"screen-reader-text\">Favorite session: Workshop: WordPress basics<\/span><span class=\"dashicons dashicons-star-filled\"><\/span><\/a><\/div><\/td><\/tr><tr class=\"wcpt-time-1600 global-session workshop-the-art-of-public-speaking\"><td class=\"wcpt-time\">16:00<\/td><td colspan=\"1\" class=\"wcb-speaker-luca-sartoni wcpt-session-type-session wcb-session-workshop-the-art-of-public-speaking\" data-track-title=\"\" data-session-id=\"365\"><div class=\"wcb-session-cell-content\"><a class=\"wcpt-session-title\" href=\"https:\/\/split.wordcamp.org\/2016\/session\/workshop-the-art-of-public-speaking\/\">Workshop: The Art of Public Speaking<\/a> <span class=\"wcpt-session-speakers\"><a href=\"https:\/\/split.wordcamp.org\/2016\/speakers\/#wcorg-speaker-luca-sartoni\">Luca Sartoni<\/a><\/span><\/div><div class=\"wcb-session-favourite-icon\"><a href=\"#\" role=\"button\" class=\"fav-session-button\" aria-pressed=\"false\"><span class=\"screen-reader-text\">Favorite session: Workshop: The Art of Public Speaking<\/span><span class=\"dashicons dashicons-star-filled\"><\/span><\/a><\/div><\/td><\/tr><tr class=\"wcpt-time-1605 global-session radionica-moj-prvi-wordpress-plugin\"><td class=\"wcpt-time\">16:05<\/td><td colspan=\"1\" class=\"wcb-speaker-konrad-leon-toldy wcpt-session-type-session wcb-session-radionica-moj-prvi-plugin\" data-track-title=\"\" data-session-id=\"822\"><div class=\"wcb-session-cell-content\"><a class=\"wcpt-session-title\" href=\"https:\/\/split.wordcamp.org\/2016\/session\/radionica-moj-prvi-plugin\/\">Radionica: Moj prvi WordPress plugin<\/a> <span class=\"wcpt-session-speakers\"><a href=\"https:\/\/split.wordcamp.org\/2016\/speakers\/#wcorg-speaker-konrad-leon-toldy\">Konrad Leon Toldy<\/a><\/span><\/div><div class=\"wcb-session-favourite-icon\"><a href=\"#\" role=\"button\" class=\"fav-session-button\" aria-pressed=\"false\"><span class=\"screen-reader-text\">Favorite session: Radionica: Moj prvi WordPress plugin<\/span><span class=\"dashicons dashicons-star-filled\"><\/span><\/a><\/div><\/td><\/tr><tr class=\"wcpt-time-1610 global-session radionica-uvod-u-upravljanje-wordpress-projektima\"><td class=\"wcpt-time\">16:10<\/td><td colspan=\"1\" class=\"wcb-speaker-kresimir-koncic wcpt-session-type-session wcb-session-upravljanje-wordpress-projektima\" data-track-title=\"\" data-session-id=\"784\"><div class=\"wcb-session-cell-content\"><a class=\"wcpt-session-title\" href=\"https:\/\/split.wordcamp.org\/2016\/session\/upravljanje-wordpress-projektima\/\">Radionica: (Uvod u) Upravljanje WordPress projektima<\/a> <span class=\"wcpt-session-speakers\"><a href=\"https:\/\/split.wordcamp.org\/2016\/speakers\/#wcorg-speaker-kresimir-koncic\">Kre\u0161imir Kon\u010di\u0107<\/a><\/span><\/div><div class=\"wcb-session-favourite-icon\"><a href=\"#\" role=\"button\" class=\"fav-session-button\" aria-pressed=\"false\"><span class=\"screen-reader-text\">Favorite session: Radionica: (Uvod u) Upravljanje WordPress projektima<\/span><span class=\"dashicons dashicons-star-filled\"><\/span><\/a><\/div><\/td><\/tr><\/tbody><\/table>\n\t<div class=\"email-form fav-session-email-form-hide\">\n\t\t<!-- Tab links -->\n\t\t<div class=\"fav-session-share-tab\">\n\t\t\t\t\t\t\t<div class=\"fav-session-tablinks\" id=\"fav-session-btn-email\">\n\t\t\t\t\tEmail\t\t\t\t<\/div>\n\t\t\t\n\t\t\t<div class=\"fav-session-tablinks\" id=\"fav-session-btn-link\">\n\t\t\t\tLink\t\t\t<\/div>\n\n\t\t\t<div class=\"fav-session-tablinks\" id=\"fav-session-btn-print\">\n\t\t\t\tPrint\t\t\t<\/div>\n\t\t<\/div>\n\n\t\t<!-- Tab content -->\n\t\t\t\t\t<div id=\"fav-session-tab-email\" class=\"fav-session-share-tabcontent\">\n\t\t\t\t<div id=\"fav-session-email-form\">\n\t\t\t\t\tSend me my favorite sessions:\n\t\t\t\t\t<form id=\"fav-sessions-form\">\n\t\t\t\t\t\t<input\n\t\t\t\t\t\t\ttype=\"text\"\n\t\t\t\t\t\t\tname=\"email_address\"\n\t\t\t\t\t\t\tid=\"fav-sessions-email-address\"\n\t\t\t\t\t\t\tplaceholder=\"me@protonmail.com\"\n\t\t\t\t\t\t\/>\n\t\t\t\t\t\t<input type=\"submit\" value=\"Send\" \/>\n\t\t\t\t\t<\/form>\n\t\t\t\t<\/div>\n\n\t\t\t\t<div class=\"fav-session-email-wait-spinner\"><\/div>\n\t\t\t\t<div class=\"fav-session-email-result\"><\/div>\n\t\t\t<\/div>\n\t\t\n\t\t<div id=\"fav-session-tab-link\" class=\"fav-session-share-tabcontent\">\n\t\t\tShareable link:\t\t\t<br \/>\n\t\t\t<a id=\"fav-sessions-link\" href=\"\"><\/a>\n\t\t<\/div>\n\n\t\t<div id=\"fav-session-tab-print\" class=\"fav-session-share-tabcontent\">\n\t\t\t<button id=\"fav-session-print\">\n\t\t\t\tPrint favorite sessions\t\t\t<\/button>\n\t\t<\/div>\n\t<\/div>\n\n\t<a class=\"show-email-form\" href=\"javascript:\">\n\t\t<span class=\"dashicons dashicons-star-filled\"><\/span>\n\t\t<span class=\"dashicons dashicons-email-alt\"><\/span>\n\t<\/a>\n\n\t\n<h2>Napomene<\/h2>\n<ul>\n<li>Radionice se odr\u017eavaju dan prije konferecije, u\u00a0<strong>petak, 2. rujna 2016.<\/strong> s po\u010detkom u <strong>12:00, 14:00 i 16:00 sati<\/strong><\/li>\n<li>Sa sobom <strong>ponesite prijenosno ra\u010dunalo<\/strong><\/li>\n<li>Po radionici imamo osigurano <strong>30 mjesta<\/strong><\/li>\n<li>U slu\u010daju ve\u0107eg interesa, <strong>prednost \u0107e imati oni s <a href=\"http:\/\/2016.split.wordcamp.org\/tickets\/\">kupljenom kartom<\/a> za WordCamp Split<\/strong><\/li>\n<li>Svima koji se prijave na radionicu \u0107emo poslati dodatnu obavijest o samoj radionici\u00a0<strong>tjedan dana prije po\u010detka<\/strong>, a dodatne informacije \u0107emo objavljivati na <strong>na\u0161oj internet stranici ili putem <a href=\"https:\/\/www.facebook.com\/WordCampCroatia\/\">Facebook stranice<\/a><\/strong><\/li>\n<\/ul>\n<h2>\u00a0Prijava na radionice<\/h2>\n<p>Na radionice se mo\u017eete prijaviti preko donje kontakt forme, tako da odaberete radionicu koju \u017eelite slu\u0161ati\u00a0u ponu\u0111enim terminima.<\/p>\n<p><strong>Prijava na radionice je zatvorena.<\/strong><\/p>\n","protected":false},"excerpt":{"rendered":"<p>Radionice se odr\u017eavaju dan prije konferencije i besplatne su za sve, ali u slu\u010daju ve\u0107eg interesa prednost \u0107e imati oni s kupljenom kartom za WordCamp Split. Osim radionice Luce Sartonija o javnom nastupu (The Art of Public Speaking) i radionice za po\u010detnike (WordPress basics iliti Osnove WordPress-a), sve \u0107e ostale radionice biti na hrvatskom jeziku. &hellip; <a href=\"https:\/\/split.wordcamp.org\/2016\/radionice\/\" class=\"more-link\">Continue reading <span class=\"screen-reader-text\">Radionice<\/span><\/a><\/p>\n","protected":false},"author":12019359,"featured_media":0,"parent":0,"menu_order":0,"comment_status":"closed","ping_status":"closed","template":"","meta":{"jetpack_post_was_ever_published":false,"footnotes":""},"class_list":["post-824","page","type-page","status-publish","hentry"],"jetpack_sharing_enabled":true,"jetpack_shortlink":"https:\/\/wp.me\/P7sGwI-di","_links":{"self":[{"href":"https:\/\/split.wordcamp.org\/2016\/wp-json\/wp\/v2\/pages\/824","targetHints":{"allow":["GET"]}}],"collection":[{"href":"https:\/\/split.wordcamp.org\/2016\/wp-json\/wp\/v2\/pages"}],"about":[{"href":"https:\/\/split.wordcamp.org\/2016\/wp-json\/wp\/v2\/types\/page"}],"author":[{"embeddable":true,"href":"https:\/\/split.wordcamp.org\/2016\/wp-json\/wp\/v2\/users\/12019359"}],"replies":[{"embeddable":true,"href":"https:\/\/split.wordcamp.org\/2016\/wp-json\/wp\/v2\/comments?post=824"}],"version-history":[{"count":17,"href":"https:\/\/split.wordcamp.org\/2016\/wp-json\/wp\/v2\/pages\/824\/revisions"}],"predecessor-version":[{"id":1267,"href":"https:\/\/split.wordcamp.org\/2016\/wp-json\/wp\/v2\/pages\/824\/revisions\/1267"}],"wp:attachment":[{"href":"https:\/\/split.wordcamp.org\/2016\/wp-json\/wp\/v2\/media?parent=824"}],"curies":[{"name":"wp","href":"https:\/\/api.w.org\/{rel}","templated":true}]}}